{"id":1856,"date":"2023-11-16T15:35:25","date_gmt":"2023-11-16T14:35:25","guid":{"rendered":"https:\/\/patrimoine-de-pennautier.fr\/?page_id=1856"},"modified":"2024-01-05T16:34:57","modified_gmt":"2024-01-05T15:34:57","slug":"chronologie","status":"publish","type":"page","link":"https:\/\/patrimoine-de-pennautier.fr\/index.php\/chronologie\/","title":{"rendered":"Chronologie"},"content":{"rendered":"<style>.kb-row-layout-id1856_6909b6-8f > .kt-row-column-wrap{align-content:start;}:where(.kb-row-layout-id1856_6909b6-8f > .kt-row-column-wrap) > .wp-block-kadence-column{justify-content:start;}.kb-row-layout-id1856_6909b6-8f > .kt-row-column-wrap{column-gap:var(--global-kb-gap-md, 2rem);row-gap:var(--global-kb-gap-md, 2rem);max-width:var( --global-content-width, 1290px );padding-left:var(--global-content-edge-padding);padding-right:var(--global-content-edge-padding);padding-top:130px;padding-bottom:80px;grid-template-columns:minmax(0, 1fr);}.kb-row-layout-id1856_6909b6-8f > .kt-row-layout-overlay{opacity:0.15;background-image:url('https:\/\/patrimoine-de-pennautier.fr\/wp-content\/uploads\/2022\/01\/101.jpg');background-size:cover;background-position:center center;background-attachment:scroll;background-repeat:no-repeat;}@media all and (max-width: 1024px){.kb-row-layout-id1856_6909b6-8f > .kt-row-column-wrap{grid-template-columns:minmax(0, 1fr);}}@media all and (max-width: 767px){.kb-row-layout-id1856_6909b6-8f > .kt-row-column-wrap{padding-top:var(--global-kb-spacing-xl, 4rem);grid-template-columns:minmax(0, 1fr);}}<\/style><div class=\"kb-row-layout-wrap kb-row-layout-id1856_6909b6-8f alignnone has-theme-palette8-background-color kt-row-has-bg wp-block-kadence-rowlayout\"><div class=\"kt-row-layout-overlay kt-row-overlay-normal\"><\/div><div class=\"kt-row-column-wrap kt-has-1-columns kt-row-layout-equal kt-tab-layout-inherit kt-mobile-layout-row kt-row-valign-top kb-theme-content-width\">\n<style>.kadence-column1856_73daaf-24 > .kt-inside-inner-col,.kadence-column1856_73daaf-24 > .kt-inside-inner-col:before{border-top-left-radius:0px;border-top-right-radius:0px;border-bottom-right-radius:0px;border-bottom-left-radius:0px;}.kadence-column1856_73daaf-24 > .kt-inside-inner-col{column-gap:var(--global-kb-gap-sm, 1rem);}.kadence-column1856_73daaf-24 > .kt-inside-inner-col{flex-direction:column;}.kadence-column1856_73daaf-24 > .kt-inside-inner-col > .aligncenter{width:100%;}.kadence-column1856_73daaf-24 > .kt-inside-inner-col:before{opacity:0.3;}.kadence-column1856_73daaf-24{position:relative;}@media all and (max-width: 1024px){.kadence-column1856_73daaf-24 > .kt-inside-inner-col{flex-direction:column;justify-content:center;}}@media all and (max-width: 767px){.kadence-column1856_73daaf-24 > .kt-inside-inner-col{flex-direction:column;justify-content:center;}}<\/style>\n<div class=\"wp-block-kadence-column kadence-column1856_73daaf-24 inner-column-1\"><div class=\"kt-inside-inner-col\"><style>.wp-block-kadence-advancedheading.kt-adv-heading1856_fbabe5-db, .wp-block-kadence-advancedheading.kt-adv-heading1856_fbabe5-db[data-kb-block=\"kb-adv-heading1856_fbabe5-db\"]{text-align:center;font-style:normal;}.wp-block-kadence-advancedheading.kt-adv-heading1856_fbabe5-db mark.kt-highlight, .wp-block-kadence-advancedheading.kt-adv-heading1856_fbabe5-db[data-kb-block=\"kb-adv-heading1856_fbabe5-db\"] mark.kt-highlight{font-style:normal;color:#f76a0c;-webkit-box-decoration-break:clone;box-decoration-break:clone;padding-top:0px;padding-right:0px;padding-bottom:0px;padding-left:0px;}.wp-block-kadence-advancedheading.kt-adv-heading1856_fbabe5-db img.kb-inline-image, .wp-block-kadence-advancedheading.kt-adv-heading1856_fbabe5-db[data-kb-block=\"kb-adv-heading1856_fbabe5-db\"] img.kb-inline-image{width:150px;vertical-align:baseline;}@media all and (max-width: 767px){.wp-block-kadence-advancedheading.kt-adv-heading1856_fbabe5-db, .wp-block-kadence-advancedheading.kt-adv-heading1856_fbabe5-db[data-kb-block=\"kb-adv-heading1856_fbabe5-db\"]{font-size:var(--global-kb-font-size-lg, 2rem);}}<\/style>\n<h2 class=\"kt-adv-heading1856_fbabe5-db wp-block-kadence-advancedheading\" data-kb-block=\"kb-adv-heading1856_fbabe5-db\">Chronologie<\/h2>\n\n\n\n<p>Quelques mots sur cette rubrique.<\/p>\n\n\n\n<p>Par chronologie, nous comprenons, toutes les datations accompagn\u00e9s des textes retra\u00e7ant une partie de l\u2019histoire de la commune.<\/p>\n\n\n\n<p>Il faut toutefois savoir, que nous allons regrouper toutes les dates relatives \u00e0 la commune, cela concernera, le village m\u00eame de Pennautier, mais aussi, les diff\u00e9rents lieux-dits, composant, aujourd\u2019hui, notre commune.<\/p>\n\n\n\n<p>Les communes telle que nous les connaissons aujourd\u2019hui, ont acquis leurs limites actuelles qu\u2019au XIX\u00b0s, en effet il n\u2019est pas rare de trouv\u00e9 dans les archives communales un accord de session de territoire entre deux communes. Pennautier n\u2019\u00e9chappe pas \u00e0 la r\u00e8gle, un des derniers \u00e9change, si ce n\u2019est le dernier, concerne les limites Pennautier-Carcassonne, au moulin de Rouzilles entre mai et juillet 1812. (Archives d\u00e9partementales, archives municipales, r\u00e8f. N\u00b01B5).<\/p>\n\n\n\n<p>Autrefois le fief de Pennautier village et ses terres, \u00e9tait, comme nombres d\u2019autres fiefs composant le territoire actuel, ind\u00e9pendant les uns des autres.<\/p>\n\n\n\n<p>Certains, m\u00eame, appartenait \u00e0 d\u2019autres seigneurs, hors de Pennautier, comme d\u2019ailleurs d\u2019autre lieux appartenaient \u00e0 certains seigneurs, de certains fiefs de la commune.<\/p>\n\n\n\n<p>Le premier ouvrage faisant une approche (assez) compl\u00e8te servant de r\u00e9f\u00e9rence \u00e0 l\u2019\u00e9laboration de l\u2019histoire des villages de l\u2019ancien dioc\u00e8se de Carcassonne, \u00e0 \u00e9t\u00e9 r\u00e9diger par Mr. Jacques-Alphonse Mahul, n\u00e9 en 1795 \u00e0 Carcassonne, d\u00e9put\u00e9 de l\u2019Aude en 1831 et 1846. Il consacra les trente derni\u00e8res ann\u00e9es de sa vie \u00e0 l\u2019\u00e9laboration d\u2019un ouvrage en 7 tomes, intitul\u00e9: <em>Cartulaires et archives des communes de l<\/em><em>\u2019<\/em><em>ancien dioc\u00e8se et de l<\/em><em>\u2019<\/em><em>arrondissement de Carcassonne.<\/em><\/p>\n\n\n\n<p>Ouvrages publi\u00e9s de 1857 \u00e0 1882, les deux derniers tomes consacr\u00e9 \u00e0 la ville basse de Carcassonne, furent \u00e9dit\u00e9s par son ex\u00e9cuteur testamentaire.<\/p>\n\n\n\n<p>Il disparu en 1871 en son ch\u00e2teau de Villardonnel.<\/p>\n\n\n\n<p>Depuis nombres d\u2019 \u00ab&nbsp;historiens&nbsp;\u00bb ont favoris\u00e9 la \u00ab&nbsp;paresse&nbsp;\u00bb en recopiant (sans toujours le cit\u00e9) \u00ab&nbsp;Le Mahul&nbsp;\u00bb et d\u2019admettre pour \u00ab&nbsp;parole d\u2019\u00c9vangile&nbsp;\u00bb toutes ses assertions.<\/p>\n\n\n\n<p>Ayant, nous m\u00eame trouv\u00e9 quelques erreurs dans ses publications et nonobstant que la science historique a fort heureusement progress\u00e9, nous approfondirons toutes les donn\u00e9es au fur et \u00e0 mesure des d\u00e9couvertes.<\/p>\n\n\n\n<p>Puis, vous trouverez, en annexe, d\u2019autres extraits, de diff\u00e9rents ouvrages, compl\u00e9tant les \u00e9crits \u00ab&nbsp;du Mahul&nbsp;\u00bb et\/ou compl\u00e9tant les dates cit\u00e9es ou manquantes. Enfin, des \u00e9v\u00e8nements survenues apr\u00e8s \u00ab&nbsp;Le Mahul&nbsp;\u00bb.<\/p>\n<\/div><\/div>\n\n<\/div><\/div>\n\n\n<div class=\"wp-block-columns alignwide has-theme-palette-6-background-color has-background is-layout-flex wp-container-core-columns-is-layout-131122aa wp-block-columns-is-layout-flex\" style=\"margin-bottom:0;padding-right:var(--wp--preset--spacing--60);padding-left:var(--wp--preset--spacing--60)\">\n<div class=\"wp-block-column has-text-color has-background has-link-color wp-elements-a396d7fd71115a0342da30e563d21930 is-layout-flow wp-block-column-is-layout-flow\" style=\"color:#000000;background-color:#ffe97d;padding-top:2em;padding-right:2em;padding-bottom:2em;padding-left:2em\">\n<h2 class=\"wp-block-heading\" id=\"single\" style=\"font-size:40px\"><strong><a href=\"https:\/\/patrimoine-de-pennautier.fr\/index.php\/chrono-xii\/\">XII\u00b0 Si\u00e8cle<\/a><\/strong><\/h2>\n\n\n\n<hr class=\"wp-block-separator has-text-color has-css-opacity has-background is-style-wide\" style=\"background-color:#000000;color:#000000\"\/>\n<\/div>\n\n\n\n<div class=\"wp-block-column has-theme-palette-8-background-color has-text-color has-background has-link-color wp-elements-21943b535f648a6db21bdc71d6610c16 is-layout-flow wp-block-column-is-layout-flow\" style=\"color:#000000;padding-top:2em;padding-right:2em;padding-bottom:2em;padding-left:2em\">\n<h2 class=\"wp-block-heading\" id=\"family\" style=\"font-size:40px\"><strong><strong><a href=\"https:\/\/patrimoine-de-pennautier.fr\/index.php\/chrono-xiii\/\">XIII\u00b0 Si\u00e8cle<\/a><\/strong><\/strong><\/h2>\n\n\n\n<hr class=\"wp-block-separator has-css-opacity is-style-wide\"\/>\n<\/div>\n\n\n\n<div class=\"wp-block-column has-theme-palette-2-background-color has-text-color has-background has-link-color wp-elements-90b9577a955b8dec9fbbd80c9ba4714c is-layout-flow wp-block-column-is-layout-flow\" style=\"color:#000000;padding-top:2em;padding-right:2em;padding-bottom:2em;padding-left:2em\">\n<h2 class=\"wp-block-heading\" id=\"patron\" style=\"font-size:40px\"><strong><strong><a href=\"https:\/\/patrimoine-de-pennautier.fr\/index.php\/chrono-xiv\/\">XIV\u00b0 Si\u00e8cle<\/a><\/strong><\/strong><\/h2>\n\n\n\n<hr class=\"wp-block-separator has-css-opacity is-style-wide\"\/>\n<\/div>\n\n\n\n<div class=\"wp-block-column has-theme-palette-7-background-color has-text-color has-background has-link-color wp-elements-c9a9425e65dc6039968311fd8e0e4613 is-layout-flow wp-block-column-is-layout-flow\" style=\"color:#000000;padding-top:2em;padding-right:2em;padding-bottom:2em;padding-left:2em\">\n<h2 class=\"wp-block-heading\" id=\"patron\" style=\"font-size:40px\"><strong><strong><a href=\"https:\/\/patrimoine-de-pennautier.fr\/index.php\/chrono-xv\/\">XV\u00b0 Si\u00e8cle<\/a><\/strong><\/strong><\/h2>\n\n\n\n<p class=\"has-normal-font-size\"><\/p>\n\n\n\n<hr class=\"wp-block-separator has-css-opacity is-style-wide\"\/>\n<\/div>\n<\/div>\n\n\n\n<div class=\"wp-block-columns alignwide has-theme-palette-6-background-color has-background is-layout-flex wp-container-core-columns-is-layout-131122aa wp-block-columns-is-layout-flex\" style=\"margin-bottom:0;padding-right:var(--wp--preset--spacing--60);padding-left:var(--wp--preset--spacing--60)\">\n<div class=\"wp-block-column has-text-color has-background has-link-color wp-elements-4dafd1ea334ab45522af3edaf5038487 is-layout-flow wp-block-column-is-layout-flow\" style=\"color:#000000;background-color:#c5ebf2;padding-top:2em;padding-right:2em;padding-bottom:2em;padding-left:2em\">\n<h2 class=\"wp-block-heading\" id=\"single\" style=\"font-size:40px\"><strong><a href=\"https:\/\/patrimoine-de-pennautier.fr\/index.php\/chrono-xvi\/\">XVI\u00b0 Si\u00e8cle<\/a><\/strong><\/h2>\n\n\n\n<hr class=\"wp-block-separator has-text-color has-css-opacity has-background is-style-wide\" style=\"background-color:#000000;color:#000000\"\/>\n<\/div>\n\n\n\n<div class=\"wp-block-column has-text-color has-background has-link-color wp-elements-81c5440cc0e615636db860b3b0704591 is-layout-flow wp-block-column-is-layout-flow\" style=\"color:#000000;background-color:#f2ce9f;padding-top:2em;padding-right:2em;padding-bottom:2em;padding-left:2em\">\n<h2 class=\"wp-block-heading\" id=\"family\" style=\"font-size:40px\"><strong><strong><a href=\"https:\/\/patrimoine-de-pennautier.fr\/index.php\/chrono-xvii\/\">XVII\u00b0 Si\u00e8cle<\/a><\/strong><\/strong><\/h2>\n\n\n\n<hr class=\"wp-block-separator has-css-opacity is-style-wide\"\/>\n<\/div>\n\n\n\n<div class=\"wp-block-column has-text-color has-background has-link-color wp-elements-dad1b72cebf330ae62b991c65e63da24 is-layout-flow wp-block-column-is-layout-flow\" style=\"color:#000000;background-color:#cbb2bb;padding-top:2em;padding-right:2em;padding-bottom:2em;padding-left:2em\">\n<h2 class=\"wp-block-heading\" id=\"patron\" style=\"font-size:40px\"><strong><strong><a href=\"https:\/\/patrimoine-de-pennautier.fr\/index.php\/chrono-xviii\/\">XVIII\u00b0 Si\u00e8cle<\/a><\/strong><\/strong><\/h2>\n\n\n\n<hr class=\"wp-block-separator has-css-opacity is-style-wide\"\/>\n<\/div>\n\n\n\n<div class=\"wp-block-column has-text-color has-background has-link-color wp-elements-46030b03c112c6a100e2a190d52561e8 is-layout-flow wp-block-column-is-layout-flow\" style=\"color:#000000;background-color:#c7eacd;padding-top:2em;padding-right:2em;padding-bottom:2em;padding-left:2em\">\n<h2 class=\"wp-block-heading\" id=\"patron\" style=\"font-size:40px\"><strong><strong><a href=\"https:\/\/patrimoine-de-pennautier.fr\/index.php\/chrono-xix\/\">XIX\u00b0 Si\u00e8cle<\/a><\/strong><\/strong><\/h2>\n\n\n\n<p class=\"has-normal-font-size\"><\/p>\n\n\n\n<hr class=\"wp-block-separator has-css-opacity is-style-wide\"\/>\n<\/div>\n<\/div>\n\n\n<style>.kadence-column1856_6944f1-91 > .kt-inside-inner-col,.kadence-column1856_6944f1-91 > .kt-inside-inner-col:before{border-top-left-radius:0px;border-top-right-radius:0px;border-bottom-right-radius:0px;border-bottom-left-radius:0px;}.kadence-column1856_6944f1-91 > .kt-inside-inner-col{column-gap:var(--global-kb-gap-sm, 1rem);}.kadence-column1856_6944f1-91 > .kt-inside-inner-col{flex-direction:column;}.kadence-column1856_6944f1-91 > .kt-inside-inner-col > .aligncenter{width:100%;}.kadence-column1856_6944f1-91 > .kt-inside-inner-col:before{opacity:0.3;}.kadence-column1856_6944f1-91{position:relative;}@media all and (max-width: 1024px){.kadence-column1856_6944f1-91 > .kt-inside-inner-col{flex-direction:column;justify-content:center;}}@media all and (max-width: 767px){.kadence-column1856_6944f1-91 > .kt-inside-inner-col{flex-direction:column;justify-content:center;}}<\/style>\n<div class=\"wp-block-kadence-column kadence-column1856_6944f1-91\"><div class=\"kt-inside-inner-col\"><style>.kb-row-layout-id1856_d21119-2c > .kt-row-column-wrap{align-content:start;}:where(.kb-row-layout-id1856_d21119-2c > .kt-row-column-wrap) > .wp-block-kadence-column{justify-content:start;}.kb-row-layout-id1856_d21119-2c > .kt-row-column-wrap{column-gap:var(--global-kb-gap-md, 2rem);row-gap:var(--global-kb-gap-md, 2rem);padding-top:var(--global-kb-spacing-sm, 1.5rem);padding-bottom:var(--global-kb-spacing-3xl, 6.5rem);grid-template-columns:minmax(0, 1fr);}.kb-row-layout-id1856_d21119-2c > .kt-row-layout-overlay{opacity:0.30;}@media all and (max-width: 1024px){.kb-row-layout-id1856_d21119-2c > .kt-row-column-wrap{grid-template-columns:minmax(0, 1fr);}}@media all and (max-width: 767px){.kb-row-layout-id1856_d21119-2c > .kt-row-column-wrap{grid-template-columns:minmax(0, 1fr);}}<\/style><div class=\"kb-row-layout-wrap kb-row-layout-id1856_d21119-2c alignnone wp-block-kadence-rowlayout\"><div class=\"kt-row-column-wrap kt-has-1-columns kt-row-layout-equal kt-tab-layout-inherit kt-mobile-layout-row kt-row-valign-top\">\n<style>.kadence-column1856_408062-4c > .kt-inside-inner-col,.kadence-column1856_408062-4c > .kt-inside-inner-col:before{border-top-left-radius:0px;border-top-right-radius:0px;border-bottom-right-radius:0px;border-bottom-left-radius:0px;}.kadence-column1856_408062-4c > .kt-inside-inner-col{column-gap:var(--global-kb-gap-sm, 1rem);}.kadence-column1856_408062-4c > .kt-inside-inner-col{flex-direction:column;}.kadence-column1856_408062-4c > .kt-inside-inner-col > .aligncenter{width:100%;}.kadence-column1856_408062-4c > .kt-inside-inner-col{background-color:var(--global-palette8, #F7FAFC);}.kadence-column1856_408062-4c > .kt-inside-inner-col:before{opacity:0.3;}.kadence-column1856_408062-4c{position:relative;}@media all and (max-width: 1024px){.kadence-column1856_408062-4c > .kt-inside-inner-col{flex-direction:column;justify-content:center;}}@media all and (max-width: 767px){.kadence-column1856_408062-4c > .kt-inside-inner-col{flex-direction:column;justify-content:center;}}<\/style>\n<div class=\"wp-block-kadence-column kadence-column1856_408062-4c\"><div class=\"kt-inside-inner-col\"><\/div><\/div>\n\n<\/div><\/div><\/div><\/div>\n","protected":false},"excerpt":{"rendered":"<p>Chronologie Quelques mots sur cette rubrique. Par chronologie, nous comprenons, toutes les datations accompagn\u00e9s des textes retra\u00e7ant une partie de l\u2019histoire de la commune. Il faut toutefois savoir, que nous allons regrouper toutes les dates relatives \u00e0 la commune, cela concernera, le village m\u00eame de Pennautier, mais aussi, les diff\u00e9rents lieux-dits, composant, aujourd\u2019hui, notre commune&#8230;.<\/p>\n","protected":false},"author":1,"featured_media":0,"parent":0,"menu_order":0,"comment_status":"closed","ping_status":"closed","template":"","meta":{"_kadence_starter_templates_imported_post":true,"_kad_post_transparent":"","_kad_post_title":"","_kad_post_layout":"","_kad_post_sidebar_id":"","_kad_post_content_style":"","_kad_post_vertical_padding":"","_kad_post_feature":"","_kad_post_feature_position":"","_kad_post_header":false,"_kad_post_footer":false,"iawp_total_views":72,"footnotes":""},"class_list":["post-1856","page","type-page","status-publish","hentry"],"yoast_head":"<!-- This site is optimized with the Yoast SEO plugin v22.9 - https:\/\/yoast.com\/wordpress\/plugins\/seo\/ -->\n<title>Chronologie - Pennautier - Nature et Patrimoine<\/title>\n<meta name=\"robots\" content=\"index, follow, max-snippet:-1, max-image-preview:large, max-video-preview:-1\" \/>\n<link rel=\"canonical\" href=\"https:\/\/patrimoine-de-pennautier.fr\/index.php\/chronologie\/\" \/>\n<meta property=\"og:locale\" content=\"fr_FR\" \/>\n<meta property=\"og:type\" content=\"article\" \/>\n<meta property=\"og:title\" content=\"Chronologie - Pennautier - Nature et Patrimoine\" \/>\n<meta property=\"og:description\" content=\"Chronologie Quelques mots sur cette rubrique. Par chronologie, nous comprenons, toutes les datations accompagn\u00e9s des textes retra\u00e7ant une partie de l\u2019histoire de la commune. Il faut toutefois savoir, que nous allons regrouper toutes les dates relatives \u00e0 la commune, cela concernera, le village m\u00eame de Pennautier, mais aussi, les diff\u00e9rents lieux-dits, composant, aujourd\u2019hui, notre commune....\" \/>\n<meta property=\"og:url\" content=\"https:\/\/patrimoine-de-pennautier.fr\/index.php\/chronologie\/\" \/>\n<meta property=\"og:site_name\" content=\"Pennautier - Nature et Patrimoine\" \/>\n<meta property=\"article:modified_time\" content=\"2024-01-05T15:34:57+00:00\" \/>\n<meta name=\"twitter:card\" content=\"summary_large_image\" \/>\n<meta name=\"twitter:label1\" content=\"Dur\u00e9e de lecture estim\u00e9e\" \/>\n\t<meta name=\"twitter:data1\" content=\"2 minutes\" \/>\n<script type=\"application\/ld+json\" class=\"yoast-schema-graph\">{\"@context\":\"https:\/\/schema.org\",\"@graph\":[{\"@type\":\"WebPage\",\"@id\":\"https:\/\/patrimoine-de-pennautier.fr\/index.php\/chronologie\/\",\"url\":\"https:\/\/patrimoine-de-pennautier.fr\/index.php\/chronologie\/\",\"name\":\"Chronologie - Pennautier - Nature et Patrimoine\",\"isPartOf\":{\"@id\":\"https:\/\/patrimoine-de-pennautier.fr\/#website\"},\"datePublished\":\"2023-11-16T14:35:25+00:00\",\"dateModified\":\"2024-01-05T15:34:57+00:00\",\"breadcrumb\":{\"@id\":\"https:\/\/patrimoine-de-pennautier.fr\/index.php\/chronologie\/#breadcrumb\"},\"inLanguage\":\"fr-FR\",\"potentialAction\":[{\"@type\":\"ReadAction\",\"target\":[\"https:\/\/patrimoine-de-pennautier.fr\/index.php\/chronologie\/\"]}]},{\"@type\":\"BreadcrumbList\",\"@id\":\"https:\/\/patrimoine-de-pennautier.fr\/index.php\/chronologie\/#breadcrumb\",\"itemListElement\":[{\"@type\":\"ListItem\",\"position\":1,\"name\":\"Accueil\",\"item\":\"https:\/\/patrimoine-de-pennautier.fr\/\"},{\"@type\":\"ListItem\",\"position\":2,\"name\":\"Chronologie\"}]},{\"@type\":\"WebSite\",\"@id\":\"https:\/\/patrimoine-de-pennautier.fr\/#website\",\"url\":\"https:\/\/patrimoine-de-pennautier.fr\/\",\"name\":\"Pennautier - Nature et Patrimoine\",\"description\":\"\",\"publisher\":{\"@id\":\"https:\/\/patrimoine-de-pennautier.fr\/#organization\"},\"potentialAction\":[{\"@type\":\"SearchAction\",\"target\":{\"@type\":\"EntryPoint\",\"urlTemplate\":\"https:\/\/patrimoine-de-pennautier.fr\/?s={search_term_string}\"},\"query-input\":\"required name=search_term_string\"}],\"inLanguage\":\"fr-FR\"},{\"@type\":\"Organization\",\"@id\":\"https:\/\/patrimoine-de-pennautier.fr\/#organization\",\"name\":\"Pennautier - Nature et Patrimoine\",\"url\":\"https:\/\/patrimoine-de-pennautier.fr\/\",\"logo\":{\"@type\":\"ImageObject\",\"inLanguage\":\"fr-FR\",\"@id\":\"https:\/\/patrimoine-de-pennautier.fr\/#\/schema\/logo\/image\/\",\"url\":\"https:\/\/patrimoine-de-pennautier.fr\/wp-content\/uploads\/2023\/11\/logo.png\",\"contentUrl\":\"https:\/\/patrimoine-de-pennautier.fr\/wp-content\/uploads\/2023\/11\/logo.png\",\"width\":2136,\"height\":992,\"caption\":\"Pennautier - Nature et Patrimoine\"},\"image\":{\"@id\":\"https:\/\/patrimoine-de-pennautier.fr\/#\/schema\/logo\/image\/\"}}]}<\/script>\n<!-- \/ Yoast SEO plugin. -->","yoast_head_json":{"title":"Chronologie - Pennautier - Nature et Patrimoine","robots":{"index":"index","follow":"follow","max-snippet":"max-snippet:-1","max-image-preview":"max-image-preview:large","max-video-preview":"max-video-preview:-1"},"canonical":"https:\/\/patrimoine-de-pennautier.fr\/index.php\/chronologie\/","og_locale":"fr_FR","og_type":"article","og_title":"Chronologie - Pennautier - Nature et Patrimoine","og_description":"Chronologie Quelques mots sur cette rubrique. Par chronologie, nous comprenons, toutes les datations accompagn\u00e9s des textes retra\u00e7ant une partie de l\u2019histoire de la commune. Il faut toutefois savoir, que nous allons regrouper toutes les dates relatives \u00e0 la commune, cela concernera, le village m\u00eame de Pennautier, mais aussi, les diff\u00e9rents lieux-dits, composant, aujourd\u2019hui, notre commune....","og_url":"https:\/\/patrimoine-de-pennautier.fr\/index.php\/chronologie\/","og_site_name":"Pennautier - Nature et Patrimoine","article_modified_time":"2024-01-05T15:34:57+00:00","twitter_card":"summary_large_image","twitter_misc":{"Dur\u00e9e de lecture estim\u00e9e":"2 minutes"},"schema":{"@context":"https:\/\/schema.org","@graph":[{"@type":"WebPage","@id":"https:\/\/patrimoine-de-pennautier.fr\/index.php\/chronologie\/","url":"https:\/\/patrimoine-de-pennautier.fr\/index.php\/chronologie\/","name":"Chronologie - Pennautier - Nature et Patrimoine","isPartOf":{"@id":"https:\/\/patrimoine-de-pennautier.fr\/#website"},"datePublished":"2023-11-16T14:35:25+00:00","dateModified":"2024-01-05T15:34:57+00:00","breadcrumb":{"@id":"https:\/\/patrimoine-de-pennautier.fr\/index.php\/chronologie\/#breadcrumb"},"inLanguage":"fr-FR","potentialAction":[{"@type":"ReadAction","target":["https:\/\/patrimoine-de-pennautier.fr\/index.php\/chronologie\/"]}]},{"@type":"BreadcrumbList","@id":"https:\/\/patrimoine-de-pennautier.fr\/index.php\/chronologie\/#breadcrumb","itemListElement":[{"@type":"ListItem","position":1,"name":"Accueil","item":"https:\/\/patrimoine-de-pennautier.fr\/"},{"@type":"ListItem","position":2,"name":"Chronologie"}]},{"@type":"WebSite","@id":"https:\/\/patrimoine-de-pennautier.fr\/#website","url":"https:\/\/patrimoine-de-pennautier.fr\/","name":"Pennautier - Nature et Patrimoine","description":"","publisher":{"@id":"https:\/\/patrimoine-de-pennautier.fr\/#organization"},"potentialAction":[{"@type":"SearchAction","target":{"@type":"EntryPoint","urlTemplate":"https:\/\/patrimoine-de-pennautier.fr\/?s={search_term_string}"},"query-input":"required name=search_term_string"}],"inLanguage":"fr-FR"},{"@type":"Organization","@id":"https:\/\/patrimoine-de-pennautier.fr\/#organization","name":"Pennautier - Nature et Patrimoine","url":"https:\/\/patrimoine-de-pennautier.fr\/","logo":{"@type":"ImageObject","inLanguage":"fr-FR","@id":"https:\/\/patrimoine-de-pennautier.fr\/#\/schema\/logo\/image\/","url":"https:\/\/patrimoine-de-pennautier.fr\/wp-content\/uploads\/2023\/11\/logo.png","contentUrl":"https:\/\/patrimoine-de-pennautier.fr\/wp-content\/uploads\/2023\/11\/logo.png","width":2136,"height":992,"caption":"Pennautier - Nature et Patrimoine"},"image":{"@id":"https:\/\/patrimoine-de-pennautier.fr\/#\/schema\/logo\/image\/"}}]}},"_links":{"self":[{"href":"https:\/\/patrimoine-de-pennautier.fr\/index.php\/wp-json\/wp\/v2\/pages\/1856","targetHints":{"allow":["GET"]}}],"collection":[{"href":"https:\/\/patrimoine-de-pennautier.fr\/index.php\/wp-json\/wp\/v2\/pages"}],"about":[{"href":"https:\/\/patrimoine-de-pennautier.fr\/index.php\/wp-json\/wp\/v2\/types\/page"}],"author":[{"embeddable":true,"href":"https:\/\/patrimoine-de-pennautier.fr\/index.php\/wp-json\/wp\/v2\/users\/1"}],"replies":[{"embeddable":true,"href":"https:\/\/patrimoine-de-pennautier.fr\/index.php\/wp-json\/wp\/v2\/comments?post=1856"}],"version-history":[{"count":15,"href":"https:\/\/patrimoine-de-pennautier.fr\/index.php\/wp-json\/wp\/v2\/pages\/1856\/revisions"}],"predecessor-version":[{"id":2350,"href":"https:\/\/patrimoine-de-pennautier.fr\/index.php\/wp-json\/wp\/v2\/pages\/1856\/revisions\/2350"}],"wp:attachment":[{"href":"https:\/\/patrimoine-de-pennautier.fr\/index.php\/wp-json\/wp\/v2\/media?parent=1856"}],"curies":[{"name":"wp","href":"https:\/\/api.w.org\/{rel}","templated":true}]}}